{"id":1088,"date":"2015-02-07T20:46:27","date_gmt":"2015-02-07T20:46:27","guid":{"rendered":"http:\/\/pioch.dk\/tur\/?page_id=1088"},"modified":"2019-08-14T20:43:43","modified_gmt":"2019-08-14T19:43:43","slug":"impressum","status":"publish","type":"page","link":"https:\/\/pioch.dk\/tur\/impressum\/","title":{"rendered":"Contact"},"content":{"rendered":"<p>Das &#8218;Projekt Spazierg\u00e4nge in der Region Flensburg&#8216; ist ein non profit project und wird ehrenamtlich durchgef\u00fchrt.<\/p>\n<p>Kontakt:<br \/>\nAxel Jochen Pioch<br \/>\nZertifizierter Natur- und Landschaftsf\u00fchrer<\/p>\n<p>H\u00f6ckbarg 5b<br \/>\nD-24991 Freienwill<\/p>\n<p>&nbsp;<\/p>\n<p>Mail:<br \/>\npioch\u00a0 edth uni-flensburg.\u00a0 de (ersetze bitte edth durch @ und l\u00f6sche die Leerzeichen)<\/p>\n<p>&nbsp;<\/p>\n<p>Fon:<br \/>\n+49 4602 9675640<br \/>\n+49 170 4643809<\/p>\n","protected":false},"excerpt":{"rendered":"<p>Das &#8218;Projekt Spazierg\u00e4nge in der Region Flensburg&#8216; ist ein non profit project und wird ehrenamtlich durchgef\u00fchrt. Kontakt: Axel Jochen Pioch Zertifizierter Natur- und Landschaftsf\u00fchrer H\u00f6ckbarg 5b D-24991 Freienwill &nbsp; Mail: pioch\u00a0 edth uni-flensburg.\u00a0 de (ersetze bitte edth durch @ und l\u00f6sche die Leerzeichen) &nbsp; Fon: +49 4602 9675640 +49 170 4643809<\/p>\n","protected":false},"author":2,"featured_media":0,"parent":0,"menu_order":0,"comment_status":"open","ping_status":"open","template":"","meta":{"footnotes":""},"class_list":["post-1088","page","type-page","status-publish","hentry"],"_links":{"self":[{"href":"https:\/\/pioch.dk\/tur\/wp-json\/wp\/v2\/pages\/1088","targetHints":{"allow":["GET"]}}],"collection":[{"href":"https:\/\/pioch.dk\/tur\/wp-json\/wp\/v2\/pages"}],"about":[{"href":"https:\/\/pioch.dk\/tur\/wp-json\/wp\/v2\/types\/page"}],"author":[{"embeddable":true,"href":"https:\/\/pioch.dk\/tur\/wp-json\/wp\/v2\/users\/2"}],"replies":[{"embeddable":true,"href":"https:\/\/pioch.dk\/tur\/wp-json\/wp\/v2\/comments?post=1088"}],"version-history":[{"count":7,"href":"https:\/\/pioch.dk\/tur\/wp-json\/wp\/v2\/pages\/1088\/revisions"}],"predecessor-version":[{"id":2219,"href":"https:\/\/pioch.dk\/tur\/wp-json\/wp\/v2\/pages\/1088\/revisions\/2219"}],"wp:attachment":[{"href":"https:\/\/pioch.dk\/tur\/wp-json\/wp\/v2\/media?parent=1088"}],"curies":[{"name":"wp","href":"https:\/\/api.w.org\/{rel}","templated":true}]}}