{"id":1795,"date":"2018-01-08T22:19:54","date_gmt":"2018-01-08T21:19:54","guid":{"rendered":"http:\/\/pioch.dk\/tur\/?page_id=1795"},"modified":"2023-08-22T17:30:14","modified_gmt":"2023-08-22T16:30:14","slug":"touren","status":"publish","type":"page","link":"https:\/\/pioch.dk\/tur\/touren\/","title":{"rendered":"Touren"},"content":{"rendered":"<p>Nach \u00fcber vierzehn Jahren mit Spazierg\u00e4ngen in der Region haben sich zahlreiche Touren angesammelt. Und es gibt immer konkreter werdende Plaungen f\u00fcr die Jahre 2023-2025.<br \/>\nF\u00fcr neue Ziele bin ich immer offen \ud83d\ude42<\/p>\n<p>Um zun\u00e4chst einen \u00dcberblick \u00fcber bereits durchgef\u00fchrte Spazierg\u00e4nge zu geben, findet sich hier eine alphabetische Aufstellung nach Jahren. (Die Jahre 2008 &#8211; 2016 werden nachgeflegt.)<\/p>\n<p>Nicht alle Touren sind\/waren \u00f6ffentlich. Ein gro\u00dfer Teil waren &#8218;Einladungstouren&#8216; [&#8230;ja&#8230; der Begriff basiert auf DDR Deutsch&#8230;]. Bei\u00a0 &#8218;Einladungstouren&#8216; wenden sich Menschen direkt an mich um ein bestimmtes Ziel oder eine spezielle Gruppe durch Landschaft und Natur zu f\u00fchren. Auch sie sind ehrenamtlich durchgef\u00fchrt worden bzw. werden es.<\/p>\n<p><strong>2023<\/strong><\/p>\n<p>Bjergskov<br \/>\nBolderslev Skov<br \/>\nEmmerlev Klev<br \/>\nFr\u00f6ruper Berge<br \/>\nGendarmsti: Skovby \u2013 Vilb\u00e6k Vandm\u00f8lle<br \/>\nGendarmsti: Strander\u00f8d (v)<br \/>\nGendarmsti: Strander\u00f8d (\u00f8)<br \/>\nKalv\u00f8<br \/>\nKollund Skov<br \/>\nL\u00f8jtland<br \/>\nNiehussee<br \/>\nPamhule Skov og Hindemade<br \/>\nR\u00f8m\u00f8<br \/>\nSchob\u00fcller Wald<br \/>\nS\u00f8g\u00e5rd S\u00f8<br \/>\nTre\u00dfsee<br \/>\nVarn\u00e6shoved<br \/>\nWeesrieser Geh\u00f6lz<\/p>\n<p><strong>2022<\/strong><\/p>\n<p>Arnkil<br \/>\nBeach-and-Border-Tour (Minibus Tour)<br \/>\nBjergskov<br \/>\nBolderslev Skov<br \/>\nBommerlund\/Paradis tur<br \/>\nBordelumer\/Langenhorner Heide<br \/>\nDraved Skov<br \/>\nEmmerlev Klev<br \/>\nEngelsby\/Weesrieser Geh\u00f6lz<br \/>\nFr\u00f6ruper Berge<br \/>\nFr\u00f8slev Plantage<br \/>\nGendarmsti\/H\u00f8rup Hav &#8211; S\u00f8nderskov<br \/>\nGendarmsti\/H\u00f8rup Hav (\u00f8)<br \/>\nGendarmsti\/Kobbelskov<br \/>\nGendarmsti\/Strander\u00f8d &#8211; Forfyr Rinken\u00e6s<br \/>\nGr\u00e5stenskoverne<br \/>\nHindemade\/Pamhule Skov<br \/>\nH\u00f6ckbarg<br \/>\nJardelunder Moor<br \/>\nKalv\u00f8<br \/>\nKrus\u00e5\/Kollund Skov<br \/>\nNiehuussee<br \/>\nNordborg\/Lille Bj\u00f8rnk\u00e6r (naturpleje DN S\u00f8nderborg)<br \/>\nNydamsti<br \/>\nN\u00f8rreskoven\/Alssti<br \/>\nR\u00f8m\u00f8<br \/>\nSchob\u00fcller Wald<br \/>\nSt\u00e5lsmose (naturpleje DN S\u00f8nderborg)<br \/>\nStiftungsland Sch\u00e4ferhaus (N)<br \/>\nS\u00f8gaard<br \/>\nTre\u00dfsee<br \/>\nTrillen (naturpleje DN S\u00f8nderborg)<br \/>\nVarn\u00e6s<\/p>\n<p><strong>2021<\/strong><\/p>\n<p>Beach-Border-Tour (Minibus Tour)<br \/>\nBjergskov<br \/>\nBolderslev Skov<br \/>\nBommerlund<br \/>\nBordelumer\/Langenhorner Heide<br \/>\nCampus Flensburg<br \/>\nDyndved Hav (naturpleje DN)<br \/>\nEmmerlev Klev<br \/>\nEngelsby\/Weesrieser Geh\u00f6lz<br \/>\nFr\u00f6ruper Berge<br \/>\nFr\u00f8slev mose<br \/>\nGeltinger Birk<br \/>\nGendarmsti\/H\u00f8rup Hav<br \/>\nGendarmsti\/Strander\u00f8d (v)<br \/>\nGendarmsti\/Strander\u00f8d (\u00f8)<br \/>\nGr\u00e5stenskoverne<br \/>\nHolnis<br \/>\nH\u00f6ckbarg<br \/>\nJardelunder Moor<br \/>\nKrus\u00e5\/Smedeby<br \/>\nLangenberger Forst<br \/>\nMjels s\u00f8 (Flagermustur DN)<br \/>\nNiehuussee<br \/>\nNydamsti<br \/>\nStiftungsland Sch\u00e4ferhaus (N)<br \/>\nSt\u00e5lsmose (naturpleje DN)<br \/>\nVarn\u00e6s<\/p>\n<p><strong>2020<\/strong><\/p>\n<p>Alssti<br \/>\nArnkil<br \/>\nAugustenborg<br \/>\nBeach-Border-Tour (Minibus Tour)<br \/>\nBjergskov<br \/>\nBolderslev Skov<br \/>\nBommerlund<br \/>\nBordelumer und Langenhorner Heide<br \/>\nDraved Skov og Kongens Mose<br \/>\nDyndved Hav (naturpleje)<br \/>\nEngelsby\/Weesrieser Geh\u00f6lz<br \/>\nEmmerlev Klev<br \/>\nFr\u00f6ruper Berge<br \/>\nGeltinger Birk<br \/>\nGendarmsti\/H\u00f8rup Hav<br \/>\nGendarmsti\/Strander\u00f8d (v)<br \/>\nGendarmsti\/Strander\u00f8d (\u00f8)<br \/>\nGendarmsti\/Vemmingbund bugt (\u00f8)<br \/>\nHabernis<br \/>\nHindemade\/Pamhule Skov<br \/>\nH\u00f8nsnap Skov<br \/>\nJardelunder Moor<br \/>\nKobbelskov<br \/>\nKrus\u00e5<br \/>\nL\u00f8it<br \/>\nNiehuussee<br \/>\nNydamsti<br \/>\nStiftungsland Sch\u00e4ferhaus (N)<br \/>\nS\u00f8gaard<br \/>\nS\u00f8nderskoven\/St\u00e5lsmose<br \/>\nTre\u00dfsee<br \/>\nVarn\u00e6shoved<\/p>\n<p><strong>2019<br \/>\n<\/strong><\/p>\n<p>Arnkil<br \/>\nBjergskov<br \/>\nBallum<br \/>\nBolderslev Skov<br \/>\nBommerlund<br \/>\nEmmerlev Klev<br \/>\nFr\u00f6ruper Berge<br \/>\nFr\u00f8slev Plantage<br \/>\nGendarmsti\/H\u00f8rup Hav<br \/>\nGendarmsti\/Kobbelskov<br \/>\nGendarmsti\/Niehuussee<br \/>\nGendarmsti\/Strander\u00f8d (v)<br \/>\nGendarmsti\/Strander\u00f8d (\u00f8)<br \/>\nGendarmsti\/Vemmingbund bugt (\u00f8)<br \/>\nGr\u00e5stenskoverne<br \/>\nHabernis<br \/>\nHindemade\/Pamhule Skov<br \/>\nH\u00f6ckbarg\/Freienwill<br \/>\nH\u00f8rup Hav\/Trillen<br \/>\nKalv\u00f8<br \/>\nKobbelskov<br \/>\nKrusau Tunneltal\/Kiskelund Plantage og Smedeby Grube<br \/>\nK\u00e6rsg\u00e5rd Strand\/Skagen<br \/>\nNiehuussee<br \/>\nNydamsti<br \/>\nMultimar Wattforum T\u00f6nning<br \/>\nR\u00f8m\u00f8<br \/>\nSch\u00e4ferhaus (N)<br \/>\nS\u00f8nderhavskov<br \/>\nTre\u00dfsee<br \/>\nT\u00f8rning M\u00f8lle<br \/>\nVarn\u00e6shoved<\/p>\n<p><strong><br \/>\n2018<br \/>\n<\/strong>Bjergskov<br \/>\nBolderslev Skov<br \/>\nBordelumer Heide\/Langenhorner Heide<br \/>\nEmmerlev Klev<br \/>\nFlensburg Gr\u00fcnes Hufeisen<br \/>\nFlensburg (Innenstadt) \u2013 Kollund \u2013 Hot Dog Havn \u2013 Schusterkate &#8211; Wassersleben \u2013 (MinibusTour)<br \/>\nFr\u00f8slev Plantage<br \/>\nGr\u00fcnes Hufeisen<br \/>\nHaasberger See\/sort sol<br \/>\nHooge<br \/>\nH\u00f8rup Hav (v)\/Gendarmsti<br \/>\nJarplunder Moor<br \/>\nKalv\u00f8<br \/>\nKatinger Watt, T\u00f6nning<br \/>\nKobbelskov<br \/>\nKrus\u00e5\/Kollund Skov<br \/>\nNiehuussee<br \/>\nNydamstien<br \/>\nOestergaard<br \/>\nRode Mose<br \/>\nR\u00f8m\u00f8<br \/>\nSankelmarker See<br \/>\nStensigmose\/Broager<br \/>\nStrander\u00f8d (\u00f8)\/Gendarmsti<br \/>\nS\u00f8gaards\u00f8 Skov<br \/>\nS\u00f8gaard \/ Lundtoft<br \/>\nS\u00f8nderborg\/Gendarmsti<br \/>\nTre\u00dfsee<br \/>\nTwedt, Kauslund, Weesrieser Geh\u00f6lz<br \/>\nVemmingbund Bugt\/Gendarmsti<br \/>\nVib\u00e6k M\u00f8lle\/Gendarmsti<\/p>\n<p><strong><br \/>\n2017<\/strong><br \/>\nAarhus<br \/>\nAlssti<br \/>\nBjergskov<br \/>\nBolderslev Skov<br \/>\nBordelumer Heide\/Langenhorner Heide<br \/>\nBroager<br \/>\nBroager Stensigmose<br \/>\nBroager Cathrinesminde<br \/>\nEmmerlev Klev<br \/>\nFlensburg (Innenstadt) \u2013 Kollund \u2013 Hot Dog Havn \u2013 Wassersleben \u2013 eine<br \/>\nabendliche Auto Tour<br \/>\nFlensburg\/Kollund<br \/>\nFr\u00f6ruper Berge<br \/>\nGendarmsti<br \/>\nGendarmsti\/Skovby<br \/>\nGendarmsti\/Strander\u00f8d (\u00f8)<br \/>\nHellevad<br \/>\nHindemade<br \/>\nH\u00f8rup Hav<br \/>\nKalv\u00f8<br \/>\nKatinger Watt, T\u00f6nning<br \/>\nKobbelskov<br \/>\nKrus\u00e5<br \/>\nKrus\u00e5 Tunneldal<br \/>\nNiehussee<br \/>\nNydamsti<br \/>\n\u00d6stliche Innenstadt Flensburg<br \/>\nOstseebad<br \/>\nR\u00f8m\u00f8<br \/>\nSch\u00e4ferhaus<br \/>\nS\u00f8g\u00e5rd<br \/>\nS\u00f8g\u00e5rd Skov Mose<br \/>\nStollberg<br \/>\nStrander\u00f8d<br \/>\nSundeved<br \/>\nTre\u00dfsee<br \/>\nTwedt, Kauslund, Weesrieser Geh\u00f6lz<\/p>\n<p>Eine Besonderheit sind die seit 2008 durchgef\u00fchrten <strong>&#8218;Stadttouren&#8216;<\/strong> in Flensburg und der direkten Peripherie:<\/p>\n<p style=\"text-align: left;\">Flensburg (Innenstadt) \u2013 Kollund \u2013 Hot Dog Havn \u2013 Wassersleben \u2013 Hafen Ost: Eine abendliche Auto\/Kleinbus Tour<br \/>\nKrus\u00e5 \u2013 Skomagerhus (Schusterkate)<br \/>\n\u00d6stliche Altstadt<br \/>\nSchusterkate\/Skomager hus &#8211; Kupferm\u00fchle\/Kobberm\u00f8lle &#8211; Flensborg by: Eine abendliche Auto\/Kleinbus Tour<br \/>\nStiftungsland Sch\u00e4ferhaus<br \/>\nTwedt \u2013 Weesriesergeh\u00f6lz \u2013 Twedt<br \/>\nWassersleben &#8211; Kollund<\/p>\n<p>Zu dem sind folgende <strong>&#8218;Stadttouren&#8216;<\/strong> f\u00fcr 2023 in Vorbereitung:<\/p>\n<p>Campus (bereits durchgef\u00fchrt!)<br \/>\nStadtgr\u00fcn<\/p>\n<p>F\u00fcr 2023\/24 sind folgende ggf. mehrt\u00e4gige Touren in Vorbereitung:<\/p>\n<p>Aarhus<br \/>\nGendarmsti<br \/>\nHooge<br \/>\nVendsyssel<\/p>\n","protected":false},"excerpt":{"rendered":"<p>Nach \u00fcber vierzehn Jahren mit Spazierg\u00e4ngen in der Region haben sich zahlreiche Touren angesammelt. Und es gibt immer konkreter werdende Plaungen f\u00fcr die Jahre 2023-2025. F\u00fcr neue Ziele bin ich immer offen \ud83d\ude42 Um zun\u00e4chst einen \u00dcberblick \u00fcber bereits durchgef\u00fchrte Spazierg\u00e4nge zu geben, findet sich hier eine alphabetische Aufstellung nach Jahren. (Die Jahre 2008 &#8211; [&hellip;]<\/p>\n","protected":false},"author":2,"featured_media":0,"parent":0,"menu_order":0,"comment_status":"closed","ping_status":"closed","template":"","meta":{"footnotes":""},"class_list":["post-1795","page","type-page","status-publish","hentry"],"_links":{"self":[{"href":"https:\/\/pioch.dk\/tur\/wp-json\/wp\/v2\/pages\/1795","targetHints":{"allow":["GET"]}}],"collection":[{"href":"https:\/\/pioch.dk\/tur\/wp-json\/wp\/v2\/pages"}],"about":[{"href":"https:\/\/pioch.dk\/tur\/wp-json\/wp\/v2\/types\/page"}],"author":[{"embeddable":true,"href":"https:\/\/pioch.dk\/tur\/wp-json\/wp\/v2\/users\/2"}],"replies":[{"embeddable":true,"href":"https:\/\/pioch.dk\/tur\/wp-json\/wp\/v2\/comments?post=1795"}],"version-history":[{"count":97,"href":"https:\/\/pioch.dk\/tur\/wp-json\/wp\/v2\/pages\/1795\/revisions"}],"predecessor-version":[{"id":3098,"href":"https:\/\/pioch.dk\/tur\/wp-json\/wp\/v2\/pages\/1795\/revisions\/3098"}],"wp:attachment":[{"href":"https:\/\/pioch.dk\/tur\/wp-json\/wp\/v2\/media?parent=1795"}],"curies":[{"name":"wp","href":"https:\/\/api.w.org\/{rel}","templated":true}]}}